{"id":2490,"date":"2025-07-31T09:53:26","date_gmt":"2025-07-31T09:53:26","guid":{"rendered":"https:\/\/tdssuicidio.com\/duelo-por-suicidio\/"},"modified":"2025-12-05T09:45:05","modified_gmt":"2025-12-05T09:45:05","slug":"duelo-por-suicidio","status":"publish","type":"page","link":"https:\/\/tdssuicidio.com\/es\/duelo-por-suicidio\/","title":{"rendered":"Duelo por suicidio"},"content":{"rendered":"\t\t<div data-elementor-type=\"wp-page\" data-elementor-id=\"2490\" class=\"elementor elementor-2490 elementor-36\" data-elementor-post-type=\"page\">\n\t\t\t\t<div class=\"elementor-element elementor-element-3aed64c2 e-flex e-con-boxed e-con e-parent\" data-id=\"3aed64c2\" data-element_type=\"container\" data-e-type=\"container\">\n\t\t\t\t\t<div class=\"e-con-inner\">\n\t\t\t\t<div class=\"elementor-element elementor-element-51eb8897 elementor-widget elementor-widget-flex-hero\" data-id=\"51eb8897\" data-element_type=\"widget\" data-e-type=\"widget\" data-settings=\"{&quot;layout_preset&quot;:&quot;storytelling&quot;,&quot;primary_button_shape&quot;:&quot;round&quot;,&quot;image_shape&quot;:&quot;sharp&quot;,&quot;box_shape&quot;:&quot;sharp&quot;}\" data-widget_type=\"flex-hero.default\">\n\t\t\t\t<div class=\"elementor-widget-container\">\n\t\t\t\t\t\t\t<div class=\"has-shape-sharp shape-type-box ehp-flex-hero has-layout-preset-storytelling\">\n\t\t\t\t\t\t<div class=\"ehp-flex-hero__overlay\"><\/div>\n\t\t\t<div class=\"ehp-flex-hero__content-container\">\n\t\t\t\t<p class=\"ehp-flex-hero__intro\">Art\u00edculos sobre el suicidio<\/p><h2 class=\"ehp-flex-hero__heading\">El impacto y la intensidad del duelo despu\u00e9s de un suicidio pueden variar directamente entre los individuos, influenciados por una variedad de factores personales, culturales y circunstanciales. Este tipo de duelo es a menudo complejo y profundo, pudiendo diferir significativamente del duelo experimentado despu\u00e9s de otros tipos de p\u00e9rdidas. <\/h2>\t\t\t<div class=\"ehp-flex-hero__ctas-container\">\n\t\t\t\t\t\t\t\t\t\t\t<\/div>\n\t\t\t\t\t<\/div>\n\t\t\t\t<div class=\"ehp-flex-hero__image-wrapper\">\n\t\t\t\t<\/div>\n\t\t\t\t<\/div>\n\t\t\t\t\t\t<\/div>\n\t\t\t\t<\/div>\n\t\t\t\t\t<\/div>\n\t\t\t\t<\/div>\n\t\t<div class=\"elementor-element elementor-element-dcac699 e-flex e-con-boxed e-con e-parent\" data-id=\"dcac699\" data-element_type=\"container\" data-e-type=\"container\">\n\t\t\t\t\t<div class=\"e-con-inner\">\n\t\t\t\t<div class=\"elementor-element elementor-element-1fc54c6 elementor-widget elementor-widget-image\" data-id=\"1fc54c6\" data-element_type=\"widget\" data-e-type=\"widget\" data-widget_type=\"image.default\">\n\t\t\t\t\t\t\t\t\t\t\t\t\t\t\t<img fetchpriority=\"high\" decoding=\"async\" width=\"800\" height=\"800\" src=\"https:\/\/tdssuicidio.com\/wp-content\/uploads\/2025\/08\/DALL\u00b7E-2024-11-24-18.27.33-A-symbolic-digital-artwork-representing-grief-and-emotional-impact-after-a-loss.-The-central-figure-appears-as-a-silhouette-in-an-abstract-landscape-.webp\" class=\"attachment-large size-large wp-image-2491\" alt=\"\" srcset=\"https:\/\/tdssuicidio.com\/wp-content\/uploads\/2025\/08\/DALL\u00b7E-2024-11-24-18.27.33-A-symbolic-digital-artwork-representing-grief-and-emotional-impact-after-a-loss.-The-central-figure-appears-as-a-silhouette-in-an-abstract-landscape-.webp 1024w, https:\/\/tdssuicidio.com\/wp-content\/uploads\/2025\/08\/DALL\u00b7E-2024-11-24-18.27.33-A-symbolic-digital-artwork-representing-grief-and-emotional-impact-after-a-loss.-The-central-figure-appears-as-a-silhouette-in-an-abstract-landscape--300x300.webp 300w, https:\/\/tdssuicidio.com\/wp-content\/uploads\/2025\/08\/DALL\u00b7E-2024-11-24-18.27.33-A-symbolic-digital-artwork-representing-grief-and-emotional-impact-after-a-loss.-The-central-figure-appears-as-a-silhouette-in-an-abstract-landscape--150x150.webp 150w, https:\/\/tdssuicidio.com\/wp-content\/uploads\/2025\/08\/DALL\u00b7E-2024-11-24-18.27.33-A-symbolic-digital-artwork-representing-grief-and-emotional-impact-after-a-loss.-The-central-figure-appears-as-a-silhouette-in-an-abstract-landscape--768x768.webp 768w\" sizes=\"(max-width: 800px) 100vw, 800px\" \/>\t\t\t\t\t\t\t\t\t\t\t\t\t\t\t<\/div>\n\t\t\t\t\t<\/div>\n\t\t\t\t<\/div>\n\t\t<div class=\"elementor-element elementor-element-663d981 e-flex e-con-boxed e-con e-parent\" data-id=\"663d981\" data-element_type=\"container\" data-e-type=\"container\">\n\t\t\t\t\t<div class=\"e-con-inner\">\n\t\t\t\t<div class=\"elementor-element elementor-element-eb8dbfa elementor-widget elementor-widget-text-editor\" data-id=\"eb8dbfa\" data-element_type=\"widget\" data-e-type=\"widget\" data-widget_type=\"text-editor.default\">\n\t\t\t\t\t\t\t\t\t<p>El luto es la reacci\u00f3n f\u00edsica, social y psicol\u00f3gica que nos provoca la muerte de un ser querido. Es una respuesta natural y necesaria, que cumple una funci\u00f3n adaptativa que nos permitir\u00e1 <strong>aceptar la p\u00e9rdida y elaborar una nueva realidad sin la persona amada.<\/strong> <\/p><p>La muerte de una persona con la que ten\u00edamos un v\u00ednculo emocional provoca un dolor muy profundo y un fuerte impacto en nuestras vidas, en nuestras emociones y sentimientos. La conmoci\u00f3n que nos provoca y el proceso que debe seguir cada persona afectada para intentar reponerse y asumir la p\u00e9rdida, es diferente. Por tanto <strong>la reacci\u00f3n, la intensidad y la duraci\u00f3n del duelo ser\u00e1n<\/strong> <strong>\u00fanicas y diferentes para cada persona<\/strong> .  <\/p><p>Cuando se trata de una muerte por suicidio, a todo el dolor se a\u00f1ade el estigma social que envuelve el suicidio y la incomprensi\u00f3n que genera. Esto puede hacer que el proceso de duelo sea m\u00e1s dif\u00edcil de manejar, m\u00e1s intenso y duradero. <\/p><p>Las personas que hemos vivido o estamos viviendo un luto por suicidio nos reconocemos como <strong><a href=\"https:\/\/tdssuicidio.com\/es\/supervivientes\/\">SUPERVIVIENTES<\/a><\/strong> . Los supervivientes debemos hacer frente, no s\u00f3lo al intenso dolor que provoca la p\u00e9rdida sino tambi\u00e9n a la imposibilidad de encontrar una explicaci\u00f3n y un sentido a los motivos que llevaron a nuestra persona amada a suicidarse. La persona que ha muerto por suicidio estaba en un estado de profundo sufrimiento y total desesperaci\u00f3n, y probablemente nunca obtendremos todas las respuestas necesarias.<\/p>\t\t\t\t\t\t\t\t<\/div>\n\t\t\t\t\t<\/div>\n\t\t\t\t<\/div>\n\t\t<div class=\"elementor-element elementor-element-d097b06 e-flex e-con-boxed e-con e-parent\" data-id=\"d097b06\" data-element_type=\"container\" data-e-type=\"container\">\n\t\t\t\t\t<div class=\"e-con-inner\">\n\t\t\t\t<div class=\"elementor-element elementor-element-298608f elementor-widget elementor-widget-text-editor\" data-id=\"298608f\" data-element_type=\"widget\" data-e-type=\"widget\" data-widget_type=\"text-editor.default\">\n\t\t\t\t\t\t\t\t\t<p>\u201cMi dolor es buscar respuestas a mil preguntas, sabiendo que nunca las voy a encontrar\u201d.<\/p>\t\t\t\t\t\t\t\t<\/div>\n\t\t\t\t\t<\/div>\n\t\t\t\t<\/div>\n\t\t<div class=\"elementor-element elementor-element-ec23243 e-grid e-con-boxed e-con e-parent\" data-id=\"ec23243\" data-element_type=\"container\" data-e-type=\"container\">\n\t\t\t\t\t<div class=\"e-con-inner\">\n\t\t\t\t<div class=\"elementor-element elementor-element-524530f elementor-widget elementor-widget-text-editor\" data-id=\"524530f\" data-element_type=\"widget\" data-e-type=\"widget\" data-widget_type=\"text-editor.default\">\n\t\t\t\t\t\t\t\t\t<p> <\/p><p><span style=\"color: inherit; font-family: inherit; font-size: 2rem; font-style: var( --e-global-typography-text-font-style ); letter-spacing: var( --e-global-typography-text-letter-spacing ); text-transform: var( --e-global-typography-text-text-transform ); word-spacing: var( --e-global-typography-text-word-spacing ); text-align: var(--text-align); background-color: var( --e-global-color-3206ae6 );\"> Reacciones frente<\/span><\/p><p style=\"text-align: center;\"> <span style=\"color: inherit; font-family: inherit; font-size: 2rem; font-style: var( --e-global-typography-text-font-style ); letter-spacing: var( --e-global-typography-text-letter-spacing ); text-transform: var( --e-global-typography-text-text-transform ); word-spacing: var( --e-global-typography-text-word-spacing ); text-align: var(--text-align); background-color: var( --e-global-color-3206ae6 );\">la<\/span> <span style=\"color: inherit; font-family: inherit; font-size: 2rem; font-style: var( --e-global-typography-text-font-style ); letter-spacing: var( --e-global-typography-text-letter-spacing ); text-transform: var( --e-global-typography-text-text-transform ); word-spacing: var( --e-global-typography-text-word-spacing ); text-align: var(--text-align); background-color: var( --e-global-color-3206ae6 );\">muerte por suicidio<\/span><\/p><div class=\"blocs blocs-ancores\" data-crawling=\"blocks\"><div class=\"row\"><div class=\"col-xs-12 columna_esquerra\"><div class=\"cos_bloc basic_text_peq pd-15 link-dotted\"><ul><li>El suicidio de una persona amada provoca un fuerte impacto y desquicia toda nuestra vida.<\/li><\/ul><div> <\/div><ul><li>En los primeros momentos es habitual experimentar <strong>choque, incredulidad, bloqueo emocional<\/strong> (por ejemplo, no poder llorar), <strong>confusi\u00f3n y negaci\u00f3n<\/strong> de lo ocurrido y vivido. Son reacciones normales para intentar protegernos del impacto y dolor. <\/li><\/ul><div> <\/div><ul><li>Tambi\u00e9n podemos experimentar <strong>problemas f\u00edsicos<\/strong> , como alteraciones del apetito y del sue\u00f1o, sensaci\u00f3n de falta de aire, palpitaciones, malestar en el est\u00f3mago, falta de energ\u00eda y debilidad.<\/li><\/ul><div> <\/div><ul><li>Emocionalmente podemos sentir <strong>rabia, culpa, ira, tristeza, verg\u00fcenza, miedo y angustia,<\/strong> y cognitivamente podemos experimentar <strong>problemas de atenci\u00f3n y memoria, breves alucinaciones y distorsiones cognitivas<\/strong> , entre otros. <\/li><\/ul><p>                           <strong>+<\/strong> <a href=\"https:\/\/tdssuicidio.com\/es\/reacciones\/\"><strong>Reacciones<\/strong><\/a><\/p><\/div><\/div><\/div><\/div><div><div><div class=\"row\"><p class=\"ancores pd-10\"> <\/p><\/div><\/div><\/div>\t\t\t\t\t\t\t\t<\/div>\n\t\t<div class=\"elementor-element elementor-element-c7d8892 e-grid e-con-full e-con e-child\" data-id=\"c7d8892\" data-element_type=\"container\" data-e-type=\"container\">\n\t\t\t\t<div class=\"elementor-element elementor-element-fac13b6 elementor-widget elementor-widget-image\" data-id=\"fac13b6\" data-element_type=\"widget\" data-e-type=\"widget\" data-widget_type=\"image.default\">\n\t\t\t\t\t\t\t\t\t\t\t\t\t\t\t<img decoding=\"async\" width=\"700\" height=\"700\" src=\"https:\/\/tdssuicidio.com\/wp-content\/uploads\/2025\/08\/2-FOTO-DOL-e1732453560128.webp\" class=\"attachment-large size-large wp-image-2492\" alt=\"\" srcset=\"https:\/\/tdssuicidio.com\/wp-content\/uploads\/2025\/08\/2-FOTO-DOL-e1732453560128.webp 700w, https:\/\/tdssuicidio.com\/wp-content\/uploads\/2025\/08\/2-FOTO-DOL-e1732453560128-300x300.webp 300w, https:\/\/tdssuicidio.com\/wp-content\/uploads\/2025\/08\/2-FOTO-DOL-e1732453560128-150x150.webp 150w\" sizes=\"(max-width: 700px) 100vw, 700px\" \/>\t\t\t\t\t\t\t\t\t\t\t\t\t\t\t<\/div>\n\t\t\t\t<\/div>\n\t\t\t\t<div class=\"elementor-element elementor-element-cd0239a elementor-widget elementor-widget-text-editor\" data-id=\"cd0239a\" data-element_type=\"widget\" data-e-type=\"widget\" data-widget_type=\"text-editor.default\">\n\t\t\t\t\t\t\t\t\t<h2> <\/h2><h2>  Recomendaciones<\/h2><div class=\"col-xs-12 columna_esquerra\"><div class=\"cos_bloc basic_text_peq pd-15 link-dotted\"><ul><li><strong>Todas las emociones y sentimientos son v\u00e1lidos<\/strong> .  <\/li><li>Date permiso para sentir todo lo que est\u00e1s sintiendo.<\/li><li>Comparte lo que sientes y expresa tus necesidades.<\/li><li>Date tiempo para aceptar lo ocurrido y para poder elaborar tu p\u00e9rdida.<\/li><\/ul><div> <\/div><ul><li><strong>Busca apoyo y apoyo de amistades y familiares<\/strong> . Probablemente no sepan qu\u00e9 decirte ni c\u00f3mo actuar, pero tan s\u00f3lo el acompa\u00f1amiento y la escucha pueden ser muy reconfortantes en estos momentos dif\u00edciles. <\/li><li>Hablar y compartir con otras personas que han pasado por la misma situaci\u00f3n (otros supervivientes) puede ayudarte.<\/li><\/ul><div> <\/div><ul><li><strong>Si eres familiar o amigo\/a de una persona que est\u00e1 sufriendo un duelo por suicidio<\/strong> : acomp\u00e1\u00f1ala y esc\u00fachala, no la juzgues, permite que exprese lo que est\u00e1 sintiendo, ofr\u00e9cete a ayudarla en cuestiones pr\u00e1cticas, hazle sentir tu disponibilidad y tu soporte.<\/li><\/ul><div> <\/div><\/div><\/div><div class=\"col-xs-12 columna_esquerra\"><p>           <a href=\"https:\/\/tdssuicidio.com\/recomanacinos-dol-per-suicidi\/\"><strong>  + Recomendaciones<\/strong><\/a><\/p><\/div>\t\t\t\t\t\t\t\t<\/div>\n\t\t\t\t\t<\/div>\n\t\t\t\t<\/div>\n\t\t\t\t<\/div>\n\t\t","protected":false},"excerpt":{"rendered":"<p>Art\u00edculos sobre el suicidio El impacto y la intensidad del duelo despu\u00e9s de un suicidio pueden variar directamente entre los individuos, influenciados por una variedad de factores personales, culturales y circunstanciales. Este tipo de duelo es a menudo complejo y profundo, pudiendo diferir significativamente del duelo experimentado despu\u00e9s de otros tipos de p\u00e9rdidas. El luto [&hellip;]<\/p>\n","protected":false},"author":1,"featured_media":0,"parent":0,"menu_order":0,"comment_status":"closed","ping_status":"closed","template":"","meta":{"footnotes":""},"class_list":["post-2490","page","type-page","status-publish","hentry"],"_links":{"self":[{"href":"https:\/\/tdssuicidio.com\/es\/wp-json\/wp\/v2\/pages\/2490","targetHints":{"allow":["GET"]}}],"collection":[{"href":"https:\/\/tdssuicidio.com\/es\/wp-json\/wp\/v2\/pages"}],"about":[{"href":"https:\/\/tdssuicidio.com\/es\/wp-json\/wp\/v2\/types\/page"}],"author":[{"embeddable":true,"href":"https:\/\/tdssuicidio.com\/es\/wp-json\/wp\/v2\/users\/1"}],"replies":[{"embeddable":true,"href":"https:\/\/tdssuicidio.com\/es\/wp-json\/wp\/v2\/comments?post=2490"}],"version-history":[{"count":1,"href":"https:\/\/tdssuicidio.com\/es\/wp-json\/wp\/v2\/pages\/2490\/revisions"}],"predecessor-version":[{"id":2493,"href":"https:\/\/tdssuicidio.com\/es\/wp-json\/wp\/v2\/pages\/2490\/revisions\/2493"}],"wp:attachment":[{"href":"https:\/\/tdssuicidio.com\/es\/wp-json\/wp\/v2\/media?parent=2490"}],"curies":[{"name":"wp","href":"https:\/\/api.w.org\/{rel}","templated":true}]}}