{"id":2117,"date":"2025-07-31T09:53:25","date_gmt":"2025-07-31T09:53:25","guid":{"rendered":"https:\/\/tdssuicidio.com\/sobre-tds\/"},"modified":"2025-12-05T09:43:34","modified_gmt":"2025-12-05T09:43:34","slug":"sobre-tds","status":"publish","type":"page","link":"https:\/\/tdssuicidio.com\/es\/sobre-tds\/","title":{"rendered":"Sobre TDS"},"content":{"rendered":"\t\t<div data-elementor-type=\"wp-page\" data-elementor-id=\"2117\" class=\"elementor elementor-2117 elementor-32\" data-elementor-post-type=\"page\">\n\t\t\t\t<div class=\"elementor-element elementor-element-2a24d672 e-flex e-con-boxed e-con e-parent\" data-id=\"2a24d672\" data-element_type=\"container\" data-e-type=\"container\">\n\t\t\t\t\t<div class=\"e-con-inner\">\n\t\t\t\t<div class=\"elementor-element elementor-element-9959f56 elementor-widget elementor-widget-flex-hero\" data-id=\"9959f56\" data-element_type=\"widget\" data-e-type=\"widget\" data-settings=\"{&quot;layout_preset&quot;:&quot;storytelling&quot;,&quot;primary_button_shape&quot;:&quot;round&quot;,&quot;image_shape&quot;:&quot;sharp&quot;,&quot;box_shape&quot;:&quot;sharp&quot;}\" data-widget_type=\"flex-hero.default\">\n\t\t\t\t<div class=\"elementor-widget-container\">\n\t\t\t\t\t\t\t<div class=\"has-shape-sharp shape-type-box ehp-flex-hero has-layout-preset-storytelling\">\n\t\t\t\t\t\t<div class=\"ehp-flex-hero__overlay\"><\/div>\n\t\t\t<div class=\"ehp-flex-hero__content-container\">\n\t\t\t\t<p class=\"ehp-flex-hero__intro\">SOBRE NOSOTROS<\/p><h2 class=\"ehp-flex-hero__heading\">CONOZCA NUESTRA HISTORIA<\/h2>\t\t\t<div class=\"ehp-flex-hero__ctas-container\">\n\t\t\t\t\t\t\t\t\t\t\t<\/div>\n\t\t\t\t\t<\/div>\n\t\t\t\t<div class=\"ehp-flex-hero__image-wrapper\">\n\t\t\t\t<\/div>\n\t\t\t\t<\/div>\n\t\t\t\t\t\t<\/div>\n\t\t\t\t<\/div>\n\t\t\t\t\t<\/div>\n\t\t\t\t<\/div>\n\t\t<div class=\"elementor-element elementor-element-5f9eabe1 e-con-full e-flex e-con e-parent\" data-id=\"5f9eabe1\" data-element_type=\"container\" data-e-type=\"container\">\n\t\t<div class=\"elementor-element elementor-element-72943e4a e-con-full e-flex e-con e-child\" data-id=\"72943e4a\" data-element_type=\"container\" data-e-type=\"container\" data-settings=\"{&quot;background_background&quot;:&quot;classic&quot;}\">\n\t\t\t\t<div class=\"elementor-element elementor-element-665e8697 elementor-widget elementor-widget-cta\" data-id=\"665e8697\" data-element_type=\"widget\" data-e-type=\"widget\" data-settings=\"{&quot;layout_preset&quot;:&quot;streamline&quot;,&quot;primary_button_shape&quot;:&quot;round&quot;,&quot;content_alignment&quot;:&quot;center&quot;,&quot;content_alignment_tablet&quot;:&quot;center&quot;,&quot;content_alignment_mobile&quot;:&quot;center&quot;,&quot;cta_width&quot;:&quot;default&quot;,&quot;cta_position&quot;:&quot;default&quot;,&quot;box_shape&quot;:&quot;sharp&quot;}\" data-widget_type=\"cta.default\">\n\t\t\t\t<div class=\"elementor-widget-container\">\n\t\t\t\t\t\t\t<div class=\"has-shape-sharp shape-type-box ehp-cta has-preset-streamline\">\n\t\t\t<div class=\"ehp-cta__overlay\"><\/div>\n\t\t\t<div class=\"ehp-cta__elements-container\">\n\t\t\t\t\t\t<div class=\"ehp-cta__text-container\">\n\t\t\t<h2 class=\"ehp-cta__heading\">Qui\u00e9nes somos<\/h2><p class=\"ehp-cta__description\">La asociaci\u00f3n sin \u00e1nimo de lucro Tramuntana Despu\u00e9s del Suicidio se crea en 2022 a ra\u00edz de la necesidad de sensibilizar y concienciar a la sociedad de una muerte silenciada, de un proceso de duelo oculto que a la vez se une una falta de recursos espec\u00edficos para el su tratamiento.\n\nSu finalidad es generar un espacio para el acompa\u00f1amiento y el apoyo al duelo de los supervivientes a la muerte por suicidio. Tambi\u00e9n tenemos la esperanza de contribuir al hacer visible este hecho y poder hablar abiertamente sin los estigmas que le acompa\u00f1an y sus terribles consecuencias. \n\nNuestra asociaci\u00f3n est\u00e1 formada por supervivientes que han vivido la p\u00e9rdida de una persona querida por suicidio. Y su objetivo ser\u00e1 ayudar a otras personas a superar y elaborar ese proceso doloroso. por tanto, trataremos el tema del suicidio con respeto, la delicadeza y la sensibilidad que merece y que nuestra propia experiencia nos ha ense\u00f1ado.  <\/p>\t\t<\/div>\n\t\t\t\t\t<div class=\"ehp-cta__ctas-container has-cta-width-default\">\n\t\t\t\t<div class=\"ehp-cta__buttons-wrapper\">\n\t\t\t\t\t\t\t\t\t\t\t\t\t\t<\/div>\n\t\t\t<\/div>\n\t\t\t\t\t<\/div>\n\t\t<\/div>\n\t\t\t\t\t\t<\/div>\n\t\t\t\t<\/div>\n\t\t\t\t<\/div>\n\t\t<div class=\"elementor-element elementor-element-1283b65d e-con-full e-flex e-con e-child\" data-id=\"1283b65d\" data-element_type=\"container\" data-e-type=\"container\">\n\t\t\t\t<div class=\"elementor-element elementor-element-2c691260 elementor-absolute elementor-widget elementor-widget-text-path\" data-id=\"2c691260\" data-element_type=\"widget\" data-e-type=\"widget\" data-settings=\"{&quot;text&quot;:&quot;GENERAMOS RECURSOS&quot;,&quot;_position&quot;:&quot;absolute&quot;,&quot;link&quot;:{&quot;url&quot;:&quot;&quot;,&quot;is_external&quot;:&quot;&quot;,&quot;nofollow&quot;:&quot;&quot;,&quot;custom_attributes&quot;:&quot;&quot;},&quot;start_point&quot;:{&quot;unit&quot;:&quot;%&quot;,&quot;size&quot;:0,&quot;sizes&quot;:[]}}\" data-widget_type=\"text-path.default\">\n\t\t\t\t\t\t\t<div class=\"e-text-path\" data-text=\"GENERAMOS RECURSOS\" data-url=\"\/\/tdssuicidio.com\/wp-content\/plugins\/elementor\/assets\/svg-paths\/wave.svg\" data-link-url=\"\"><\/div>\n\t\t\t\t\t\t<\/div>\n\t\t\t\t<div class=\"elementor-element elementor-element-7a6cf8d9 elementor-widget elementor-widget-image\" data-id=\"7a6cf8d9\" data-element_type=\"widget\" data-e-type=\"widget\" data-widget_type=\"image.default\">\n\t\t\t\t\t\t\t\t\t\t\t\t\t\t\t<img fetchpriority=\"high\" decoding=\"async\" width=\"1024\" height=\"683\" src=\"https:\/\/tdssuicidio.com\/wp-content\/uploads\/2025\/08\/Contacte_Suicidio-scaled-1-1024x683-1.jpeg\" class=\"attachment-1536x1536 size-1536x1536 wp-image-2118\" alt=\"\" srcset=\"https:\/\/tdssuicidio.com\/wp-content\/uploads\/2025\/08\/Contacte_Suicidio-scaled-1-1024x683-1.jpeg 1024w, https:\/\/tdssuicidio.com\/wp-content\/uploads\/2025\/08\/Contacte_Suicidio-scaled-1-1024x683-1-300x200.jpeg 300w, https:\/\/tdssuicidio.com\/wp-content\/uploads\/2025\/08\/Contacte_Suicidio-scaled-1-1024x683-1-768x512.jpeg 768w\" sizes=\"(max-width: 1024px) 100vw, 1024px\" \/>\t\t\t\t\t\t\t\t\t\t\t\t\t\t\t<\/div>\n\t\t\t\t<\/div>\n\t\t\t\t<\/div>\n\t\t<div class=\"elementor-element elementor-element-92315db e-flex e-con-boxed e-con e-parent\" data-id=\"92315db\" data-element_type=\"container\" data-e-type=\"container\">\n\t\t\t\t\t<div class=\"e-con-inner\">\n\t\t\t\t<div class=\"elementor-element elementor-element-6f30b91e elementor-widget elementor-widget-cta\" data-id=\"6f30b91e\" data-element_type=\"widget\" data-e-type=\"widget\" data-settings=\"{&quot;primary_button_shape&quot;:&quot;round&quot;,&quot;layout_preset&quot;:&quot;streamline&quot;,&quot;content_alignment&quot;:&quot;center&quot;,&quot;content_alignment_tablet&quot;:&quot;center&quot;,&quot;content_alignment_mobile&quot;:&quot;center&quot;,&quot;cta_width&quot;:&quot;default&quot;,&quot;cta_position&quot;:&quot;default&quot;,&quot;box_shape&quot;:&quot;sharp&quot;}\" data-widget_type=\"cta.default\">\n\t\t\t\t<div class=\"elementor-widget-container\">\n\t\t\t\t\t\t\t<div class=\"has-shape-sharp shape-type-box ehp-cta has-preset-streamline\">\n\t\t\t<div class=\"ehp-cta__overlay\"><\/div>\n\t\t\t<div class=\"ehp-cta__elements-container\">\n\t\t\t\t\t\t<div class=\"ehp-cta__text-container\">\n\t\t\t<h2 class=\"ehp-cta__heading\">\u00bfQUIERE QUE LE AYUDEMOS?<\/h2><p class=\"ehp-cta__description\">P\u00f3ngase en contacto con nosotros<\/p>\t\t<\/div>\n\t\t\t\t\t<div class=\"ehp-cta__ctas-container has-cta-width-default\">\n\t\t\t\t<div class=\"ehp-cta__buttons-wrapper\">\n\t\t\t\t\t\t\t<a class=\"has-shape-round shape-type-button ehp-button ehp-button--primary ehp-cta__button ehp-cta__button--primary is-type-button\" href=\"https:\/\/tdssuicidio.com\/contacte\/\">\n\t\t\t\t\t<span class=\"ehp-button__text ehp-cta__button-text ehp-cta__button-text--primary\">\n\t\t\tContacto\t\t\t\t<\/a>\n\t\t\t\t\t\t\t\t\t\t\t<\/div>\n\t\t\t<\/div>\n\t\t\t\t\t<\/div>\n\t\t<\/div>\n\t\t\t\t\t\t<\/div>\n\t\t\t\t<\/div>\n\t\t\t\t\t<\/div>\n\t\t\t\t<\/div>\n\t\t<div class=\"elementor-element elementor-element-149ada02 e-flex e-con-boxed e-con e-parent\" data-id=\"149ada02\" data-element_type=\"container\" data-e-type=\"container\">\n\t\t\t\t\t<div class=\"e-con-inner\">\n\t\t<div class=\"elementor-element elementor-element-624b7559 e-con-full e-flex e-con e-child\" data-id=\"624b7559\" data-element_type=\"container\" data-e-type=\"container\">\n\t\t<div class=\"elementor-element elementor-element-159fa00 e-con-full e-flex e-con e-child\" data-id=\"159fa00\" data-element_type=\"container\" data-e-type=\"container\" data-settings=\"{&quot;background_background&quot;:&quot;classic&quot;}\">\n\t\t<div class=\"elementor-element elementor-element-708d253 e-flex e-con-boxed e-con e-child\" data-id=\"708d253\" data-element_type=\"container\" data-e-type=\"container\">\n\t\t\t\t\t<div class=\"e-con-inner\">\n\t\t\t\t<div class=\"elementor-element elementor-element-58bfd9b elementor-invisible elementor-widget elementor-widget-heading\" data-id=\"58bfd9b\" data-element_type=\"widget\" data-e-type=\"widget\" data-settings=\"{&quot;_animation&quot;:&quot;fadeInUp&quot;}\" data-widget_type=\"heading.default\">\n\t\t\t\t\t<h3 class=\"elementor-heading-title elementor-size-default\">Nuestro Equipo<\/h3>\t\t\t\t<\/div>\n\t\t\t\t<div class=\"elementor-element elementor-element-8c0fccf elementor-widget elementor-widget-heading\" data-id=\"8c0fccf\" data-element_type=\"widget\" data-e-type=\"widget\" data-widget_type=\"heading.default\">\n\t\t\t\t\t<h2 class=\"elementor-heading-title elementor-size-default\">Hable con nosotros<\/h2>\t\t\t\t<\/div>\n\t\t\t\t\t<\/div>\n\t\t\t\t<\/div>\n\t\t<div class=\"elementor-element elementor-element-4b003c2 e-con-full e-flex e-con e-child\" data-id=\"4b003c2\" data-element_type=\"container\" data-e-type=\"container\">\n\t\t\t\t<div class=\"elementor-element elementor-element-df44da6 elementor-widget-tablet__width-initial elementor-widget-mobile__width-inherit elementor-position-top elementor-widget elementor-widget-image-box\" data-id=\"df44da6\" data-element_type=\"widget\" data-e-type=\"widget\" data-widget_type=\"image-box.default\">\n\t\t\t\t\t<div class=\"elementor-image-box-wrapper\"><figure class=\"elementor-image-box-img\"><img decoding=\"async\" width=\"210\" height=\"300\" src=\"https:\/\/tdssuicidio.com\/wp-content\/uploads\/2025\/08\/Jordi_Costa-210x300.jpeg\" class=\"elementor-animation-shrink attachment-medium size-medium wp-image-2119\" alt=\"\" srcset=\"https:\/\/tdssuicidio.com\/wp-content\/uploads\/2025\/08\/Jordi_Costa-210x300.jpeg 210w, https:\/\/tdssuicidio.com\/wp-content\/uploads\/2025\/08\/Jordi_Costa.jpeg 385w\" sizes=\"(max-width: 210px) 100vw, 210px\" \/><\/figure><div class=\"elementor-image-box-content\"><h3 class=\"elementor-image-box-title\">Jordi Costa<\/h3><p class=\"elementor-image-box-description\">Presidente y Superviviente<\/p><\/div><\/div>\t\t\t\t<\/div>\n\t\t\t\t<div class=\"elementor-element elementor-element-92167be elementor-widget-tablet__width-initial elementor-widget-mobile__width-inherit elementor-position-top elementor-widget elementor-widget-image-box\" data-id=\"92167be\" data-element_type=\"widget\" data-e-type=\"widget\" data-widget_type=\"image-box.default\">\n\t\t\t\t\t<div class=\"elementor-image-box-wrapper\"><figure class=\"elementor-image-box-img\"><img decoding=\"async\" width=\"240\" height=\"300\" src=\"https:\/\/tdssuicidio.com\/wp-content\/uploads\/2025\/08\/CARMEN-WEB-213-1-240x300.jpg\" class=\"elementor-animation-shrink attachment-medium size-medium wp-image-2120\" alt=\"\" srcset=\"https:\/\/tdssuicidio.com\/wp-content\/uploads\/2025\/08\/CARMEN-WEB-213-1-240x300.jpg 240w, https:\/\/tdssuicidio.com\/wp-content\/uploads\/2025\/08\/CARMEN-WEB-213-1.jpg 549w\" sizes=\"(max-width: 240px) 100vw, 240px\" \/><\/figure><div class=\"elementor-image-box-content\"><h3 class=\"elementor-image-box-title\">Carmen Ortega<\/h3><p class=\"elementor-image-box-description\">Secretaria y Superviviente<\/p><\/div><\/div>\t\t\t\t<\/div>\n\t\t\t\t<div class=\"elementor-element elementor-element-666a6b2 elementor-widget-tablet__width-initial elementor-widget-mobile__width-inherit elementor-position-top elementor-widget elementor-widget-image-box\" data-id=\"666a6b2\" data-element_type=\"widget\" data-e-type=\"widget\" data-widget_type=\"image-box.default\">\n\t\t\t\t\t<div class=\"elementor-image-box-wrapper\"><figure class=\"elementor-image-box-img\"><img loading=\"lazy\" decoding=\"async\" width=\"169\" height=\"300\" src=\"https:\/\/tdssuicidio.com\/wp-content\/uploads\/2025\/08\/Aroha_Cortes-e1729241334397-169x300.jpeg\" class=\"elementor-animation-shrink attachment-medium size-medium wp-image-2121\" alt=\"\" srcset=\"https:\/\/tdssuicidio.com\/wp-content\/uploads\/2025\/08\/Aroha_Cortes-e1729241334397-169x300.jpeg 169w, https:\/\/tdssuicidio.com\/wp-content\/uploads\/2025\/08\/Aroha_Cortes-e1729241334397-576x1024.jpeg 576w, https:\/\/tdssuicidio.com\/wp-content\/uploads\/2025\/08\/Aroha_Cortes-e1729241334397-768x1365.jpeg 768w, https:\/\/tdssuicidio.com\/wp-content\/uploads\/2025\/08\/Aroha_Cortes-e1729241334397.jpeg 800w\" sizes=\"(max-width: 169px) 100vw, 169px\" \/><\/figure><div class=\"elementor-image-box-content\"><h3 class=\"elementor-image-box-title\">Aroha Cort\u00e9s<\/h3><p class=\"elementor-image-box-description\">Psic\u00f3loga Voluntaria y Superviviente<\/p><\/div><\/div>\t\t\t\t<\/div>\n\t\t\t\t<\/div>\n\t\t\t\t<\/div>\n\t\t\t\t<\/div>\n\t\t<div class=\"elementor-element elementor-element-5017e311 e-con-full e-flex e-con e-child\" data-id=\"5017e311\" data-element_type=\"container\" data-e-type=\"container\" data-settings=\"{&quot;background_background&quot;:&quot;classic&quot;}\">\n\t\t\t\t<div class=\"elementor-element elementor-element-282be4d3 elementor-widget elementor-widget-cta\" data-id=\"282be4d3\" data-element_type=\"widget\" data-e-type=\"widget\" data-settings=\"{&quot;layout_preset&quot;:&quot;streamline&quot;,&quot;primary_button_shape&quot;:&quot;round&quot;,&quot;content_alignment&quot;:&quot;center&quot;,&quot;content_alignment_tablet&quot;:&quot;center&quot;,&quot;content_alignment_mobile&quot;:&quot;center&quot;,&quot;cta_width&quot;:&quot;default&quot;,&quot;cta_position&quot;:&quot;default&quot;,&quot;box_shape&quot;:&quot;sharp&quot;}\" data-widget_type=\"cta.default\">\n\t\t\t\t<div class=\"elementor-widget-container\">\n\t\t\t\t\t\t\t<div class=\"has-shape-sharp shape-type-box ehp-cta has-preset-streamline\">\n\t\t\t<div class=\"ehp-cta__overlay\"><\/div>\n\t\t\t<div class=\"ehp-cta__elements-container\">\n\t\t\t\t\t\t<div class=\"ehp-cta__text-container\">\n\t\t\t<h2 class=\"ehp-cta__heading\">OBJETIVOS 25<\/h2><p class=\"ehp-cta__description\"> \n\u2022 Continuar brindando apoyo a los supervivientes de la provincia de Girona <br>\n\u2022 Realizar las 2\u00aa Jornadas sobre el suicidio en el territorio. <br>\nRealizar la 2\u00aa Carrera Hablemos del Suicidio. <br>\n\u2022 Continuar colaborando con las diferentes administraciones para poder crear una red de colaboraci\u00f3n mutua. <br>\n\u2022 Participar en la creaci\u00f3n de una red de asociaciones de salud mental en las comarcas gerundenses. <br>\n\u2022 Participar en la creaci\u00f3n de una red de asociaciones de supervivientes del suicidio en el territorio catal\u00e1n. <br><\/p>\t\t<\/div>\n\t\t\t\t\t<div class=\"ehp-cta__ctas-container has-cta-width-default\">\n\t\t\t\t<div class=\"ehp-cta__buttons-wrapper\">\n\t\t\t\t\t\t\t\t\t\t\t\t\t\t<\/div>\n\t\t\t<\/div>\n\t\t\t\t\t<\/div>\n\t\t<\/div>\n\t\t\t\t\t\t<\/div>\n\t\t\t\t<\/div>\n\t\t\t\t<\/div>\n\t\t\t\t\t<\/div>\n\t\t\t\t<\/div>\n\t\t<div class=\"elementor-element elementor-element-58eed4d8 e-flex e-con-boxed e-con e-parent\" data-id=\"58eed4d8\" data-element_type=\"container\" data-e-type=\"container\" data-settings=\"{&quot;background_background&quot;:&quot;classic&quot;}\">\n\t\t\t\t\t<div class=\"e-con-inner\">\n\t\t\t\t<div class=\"elementor-element elementor-element-525e7c25 elementor-widget elementor-widget-cta\" data-id=\"525e7c25\" data-element_type=\"widget\" data-e-type=\"widget\" data-settings=\"{&quot;cta_vertical_position&quot;:&quot;end&quot;,&quot;primary_button_shape&quot;:&quot;round&quot;,&quot;layout_preset&quot;:&quot;focus&quot;,&quot;box_shape&quot;:&quot;sharp&quot;}\" data-widget_type=\"cta.default\">\n\t\t\t\t<div class=\"elementor-widget-container\">\n\t\t\t\t\t\t\t<div class=\"has-shape-sharp shape-type-box ehp-cta has-preset-focus\">\n\t\t\t<div class=\"ehp-cta__overlay\"><\/div>\n\t\t\t<div class=\"ehp-cta__elements-container\">\n\t\t\t\t\t\t<div class=\"ehp-cta__text-container\">\n\t\t\t<h2 class=\"ehp-cta__heading\">FINALIDAD<\/h2>\t\t<\/div>\n\t\t\t\t\t<div class=\"ehp-cta__ctas-container\">\n\t\t\t\t<div class=\"ehp-cta__buttons-wrapper\">\n\t\t\t\t\t\t\t<a class=\"has-shape-round shape-type-button ehp-button ehp-button--primary ehp-cta__button ehp-cta__button--primary is-type-button\" href=\"https:\/\/tdssuicidio.com\/es\/faqs\/\">\n\t\t\t\t\t<span class=\"ehp-button__text ehp-cta__button-text ehp-cta__button-text--primary\">\n\t\t\tPreguntas frecuentes\t\t\t\t<\/a>\n\t\t\t\t\t\t\t\t\t\t\t<\/div>\n\t\t\t<\/div>\n\t\t\t\t\t<\/div>\n\t\t<\/div>\n\t\t\t\t\t\t<\/div>\n\t\t\t\t<\/div>\n\t\t<div class=\"elementor-element elementor-element-9c5a089 e-grid e-con-full e-con e-child\" data-id=\"9c5a089\" data-element_type=\"container\" data-e-type=\"container\">\n\t\t<div class=\"elementor-element elementor-element-c1d42ec e-con-full e-flex e-con e-child\" data-id=\"c1d42ec\" data-element_type=\"container\" data-e-type=\"container\" data-settings=\"{&quot;background_background&quot;:&quot;classic&quot;}\">\n\t\t\t\t<div class=\"elementor-element elementor-element-9221381 elementor-widget elementor-widget-heading\" data-id=\"9221381\" data-element_type=\"widget\" data-e-type=\"widget\" data-widget_type=\"heading.default\">\n\t\t\t\t\t<h3 class=\"elementor-heading-title elementor-size-default\">01<\/h3>\t\t\t\t<\/div>\n\t\t\t\t<div class=\"elementor-element elementor-element-3293c88 elementor-position-inline-end elementor-view-default elementor-mobile-position-block-start elementor-widget elementor-widget-icon-box\" data-id=\"3293c88\" data-element_type=\"widget\" data-e-type=\"widget\" data-widget_type=\"icon-box.default\">\n\t\t\t\t\t\t\t<div class=\"elementor-icon-box-wrapper\">\n\n\t\t\t\t\t\t<div class=\"elementor-icon-box-icon\">\n\t\t\t\t<a href=\"https:\/\/tdssuicidio.com\/que-i-com-treballem\/\" target=\"_blank\" class=\"elementor-icon elementor-animation-wobble-to-bottom-right\" tabindex=\"-1\" aria-label=\"Soporte\">\n\t\t\t\t<svg aria-hidden=\"true\" class=\"e-font-icon-svg e-fas-check\" viewBox=\"0 0 512 512\" xmlns=\"http:\/\/www.w3.org\/2000\/svg\"><path d=\"M173.898 439.404l-166.4-166.4c-9.997-9.997-9.997-26.206 0-36.204l36.203-36.204c9.997-9.998 26.207-9.998 36.204 0L192 312.69 432.095 72.596c9.997-9.997 26.207-9.997 36.204 0l36.203 36.204c9.997 9.997 9.997 26.206 0 36.204l-294.4 294.401c-9.998 9.997-26.207 9.997-36.204-.001z\"><\/path><\/svg>\t\t\t\t<\/a>\n\t\t\t<\/div>\n\t\t\t\n\t\t\t\t\t\t<div class=\"elementor-icon-box-content\">\n\n\t\t\t\t\t\t\t\t\t<h4 class=\"elementor-icon-box-title\">\n\t\t\t\t\t\t<a href=\"https:\/\/tdssuicidio.com\/que-i-com-treballem\/\" target=\"_blank\" >\n\t\t\t\t\t\t\tSoporte\t\t\t\t\t\t<\/a>\n\t\t\t\t\t<\/h4>\n\t\t\t\t\n\t\t\t\t\t\t\t\t\t<p class=\"elementor-icon-box-description\">\n\t\t\t\t\t\tAcompa\u00f1ar y apoyar a las personas que han sufrido la p\u00e9rdida de una persona querida por suicidio.<br>Orientar a las personas afectadas y proporcionar recursos para trabajar el proceso de duelo.\t\t\t\t\t<\/p>\n\t\t\t\t\n\t\t\t<\/div>\n\t\t\t\n\t\t<\/div>\n\t\t\t\t\t\t<\/div>\n\t\t\t\t<\/div>\n\t\t<div class=\"elementor-element elementor-element-992fb45 e-con-full e-flex e-con e-child\" data-id=\"992fb45\" data-element_type=\"container\" data-e-type=\"container\" data-settings=\"{&quot;background_background&quot;:&quot;classic&quot;}\">\n\t\t\t\t<div class=\"elementor-element elementor-element-e6f0651 elementor-widget elementor-widget-heading\" data-id=\"e6f0651\" data-element_type=\"widget\" data-e-type=\"widget\" data-widget_type=\"heading.default\">\n\t\t\t\t\t<h3 class=\"elementor-heading-title elementor-size-default\">02<\/h3>\t\t\t\t<\/div>\n\t\t\t\t<div class=\"elementor-element elementor-element-7684b8d elementor-widget elementor-widget-icon-box\" data-id=\"7684b8d\" data-element_type=\"widget\" data-e-type=\"widget\" data-widget_type=\"icon-box.default\">\n\t\t\t\t\t\t\t<div class=\"elementor-icon-box-wrapper\">\n\n\t\t\t\n\t\t\t\t\t\t<div class=\"elementor-icon-box-content\">\n\n\t\t\t\t\t\t\t\t\t<h4 class=\"elementor-icon-box-title\">\n\t\t\t\t\t\t<span  >\n\t\t\t\t\t\t\tProfesional\t\t\t\t\t\t<\/span>\n\t\t\t\t\t<\/h4>\n\t\t\t\t\n\t\t\t\t\t\t\t\t\t<p class=\"elementor-icon-box-description\">\n\t\t\t\t\t\tRomper los tab\u00faes que rodean al suicidio.<br><br>Reivindicar la memoria de las personas que nos han dejado.\t\t\t\t\t<\/p>\n\t\t\t\t\n\t\t\t<\/div>\n\t\t\t\n\t\t<\/div>\n\t\t\t\t\t\t<\/div>\n\t\t\t\t<\/div>\n\t\t<div class=\"elementor-element elementor-element-f8da21d e-con-full e-flex e-con e-child\" data-id=\"f8da21d\" data-element_type=\"container\" data-e-type=\"container\" data-settings=\"{&quot;background_background&quot;:&quot;classic&quot;}\">\n\t\t\t\t<div class=\"elementor-element elementor-element-c164be7 elementor-widget elementor-widget-heading\" data-id=\"c164be7\" data-element_type=\"widget\" data-e-type=\"widget\" data-widget_type=\"heading.default\">\n\t\t\t\t\t<h3 class=\"elementor-heading-title elementor-size-default\">03<\/h3>\t\t\t\t<\/div>\n\t\t\t\t<div class=\"elementor-element elementor-element-5f82b04 elementor-widget elementor-widget-icon-box\" data-id=\"5f82b04\" data-element_type=\"widget\" data-e-type=\"widget\" data-widget_type=\"icon-box.default\">\n\t\t\t\t\t\t\t<div class=\"elementor-icon-box-wrapper\">\n\n\t\t\t\n\t\t\t\t\t\t<div class=\"elementor-icon-box-content\">\n\n\t\t\t\t\t\t\t\t\t<h4 class=\"elementor-icon-box-title\">\n\t\t\t\t\t\t<span  >\n\t\t\t\t\t\t\tExperiencia\t\t\t\t\t\t<\/span>\n\t\t\t\t\t<\/h4>\n\t\t\t\t\n\t\t\t\t\t\t\t\t\t<p class=\"elementor-icon-box-description\">\n\t\t\t\t\t\tFacilitar el contacto entre personas que han sufrido la misma p\u00e9rdida.<br><br>Crear un entorno en el que la expresi\u00f3n del dolor sea compartida, exista confidencialidad y se ofrezca comprensi\u00f3n y soporte.\t\t\t\t\t<\/p>\n\t\t\t\t\n\t\t\t<\/div>\n\t\t\t\n\t\t<\/div>\n\t\t\t\t\t\t<\/div>\n\t\t\t\t<\/div>\n\t\t\t\t<\/div>\n\t\t\t\t\t<\/div>\n\t\t\t\t<\/div>\n\t\t<div class=\"elementor-element elementor-element-5ea53d9 e-flex e-con-boxed e-con e-parent\" data-id=\"5ea53d9\" data-element_type=\"container\" data-e-type=\"container\">\n\t\t\t\t\t<div class=\"e-con-inner\">\n\t\t\t\t<div class=\"elementor-element elementor-element-323e0af elementor-widget elementor-widget-shortcode\" data-id=\"323e0af\" data-element_type=\"widget\" data-e-type=\"widget\" data-widget_type=\"shortcode.default\">\n\t\t\t\t\t\t\t<div class=\"elementor-shortcode\"><\/div>\n\t\t\t\t\t\t<\/div>\n\t\t\t\t\t<\/div>\n\t\t\t\t<\/div>\n\t\t\t\t<\/div>\n\t\t","protected":false},"excerpt":{"rendered":"<p>SOBRE NOSOTROS CONOZCA NUESTRA HISTORIA Qui\u00e9nes somos La asociaci\u00f3n sin \u00e1nimo de lucro Tramuntana Despu\u00e9s del Suicidio se crea en 2022 a ra\u00edz de la necesidad de sensibilizar y concienciar a la sociedad de una muerte silenciada, de un proceso de duelo oculto que a la vez se une una falta de recursos espec\u00edficos para [&hellip;]<\/p>\n","protected":false},"author":1,"featured_media":0,"parent":0,"menu_order":0,"comment_status":"closed","ping_status":"closed","template":"","meta":{"footnotes":""},"class_list":["post-2117","page","type-page","status-publish","hentry"],"_links":{"self":[{"href":"https:\/\/tdssuicidio.com\/es\/wp-json\/wp\/v2\/pages\/2117","targetHints":{"allow":["GET"]}}],"collection":[{"href":"https:\/\/tdssuicidio.com\/es\/wp-json\/wp\/v2\/pages"}],"about":[{"href":"https:\/\/tdssuicidio.com\/es\/wp-json\/wp\/v2\/types\/page"}],"author":[{"embeddable":true,"href":"https:\/\/tdssuicidio.com\/es\/wp-json\/wp\/v2\/users\/1"}],"replies":[{"embeddable":true,"href":"https:\/\/tdssuicidio.com\/es\/wp-json\/wp\/v2\/comments?post=2117"}],"version-history":[{"count":2,"href":"https:\/\/tdssuicidio.com\/es\/wp-json\/wp\/v2\/pages\/2117\/revisions"}],"predecessor-version":[{"id":2151,"href":"https:\/\/tdssuicidio.com\/es\/wp-json\/wp\/v2\/pages\/2117\/revisions\/2151"}],"wp:attachment":[{"href":"https:\/\/tdssuicidio.com\/es\/wp-json\/wp\/v2\/media?parent=2117"}],"curies":[{"name":"wp","href":"https:\/\/api.w.org\/{rel}","templated":true}]}}